{"id":477,"date":"2025-03-20T09:41:51","date_gmt":"2025-03-20T09:41:51","guid":{"rendered":"https:\/\/www.chaoui.ma\/?page_id=477"},"modified":"2025-07-31T10:29:54","modified_gmt":"2025-07-31T08:29:54","slug":"intelligence-artificielle","status":"publish","type":"page","link":"https:\/\/www.chaoui.ma\/","title":{"rendered":"Politique et Intelligence Artificielle &#8211; Ai &#8211; iA"},"content":{"rendered":"<div class=\"wpb-content-wrapper\"><p>[vc_row][vc_column width=\u00a0\u00bb3\/4&Prime;]<div class=\"ak-block ak-block-7 ak-block-inner-boxed ak-block-module-thumb-round ak-block-width-1 clearfix\" id=\"block_69e7705c11886_1\"><style scoped>#block_69e7705c11886_1 .ak-block-header {--ak-block-title-text-color:rgb(0,0,0);--ak-block-title-icon-color:rgb(0,0,0);}#block_69e7705c11886_1 { margin-bottom: 0px !important;border-bottom-width: 0px !important;border-bottom-style: solid !important;border-color: rgba(255,255,255,0.01) !important; }<\/style><div class=\"ak-block-header ak-block-header-style-5 no-tabs\"><h4 class=\"ak-block-title\"><span class=\"title-text\"><i class=\"ak-icon  fa fa-square\"><\/i><span>Politique &amp; Soci\u00e9t\u00e9<\/span><\/span><\/h4><\/div><div class=\"ak-block-inner clearfix\"><div class=\"ak-block-posts clearfix\">\t\t<article class=\"ak-module ak-module-6 clearfix post-595 post type-post status-publish format-standard has-post-thumbnail  category-politique\">\n\t\t\t<div class=\"clearfix ak-module-inner\">\n\t\t\t\t<div class=\"clearfix ak-module-featured\">\n\t\t\t\t\t<div class=\"ak-module-badges\"><\/div>\t\t\t\t\t<div class=\"ak-featured-cover\"><a href=\"https:\/\/www.chaoui.ma\/?p=595\" class=\"ak-featured-link\" rel=\"bookmark\" title=\"Le projet de soci\u00e9t\u00e9 du Dr. Lahlou : Chronique d\u2019une r\u00e9gression\u00a0\"><div class=\"ak-featured-thumb lazy-thumb size-715\" ><img fetchpriority=\"high\" decoding=\"async\" width=\"350\" height=\"350\" src=\"data:image\/gif;base64,R0lGODlhAQABAAAAACH5BAEKAAEALAAAAAABAAEAAAICTAEAOw==\" class=\"attachment-newsy_750x536 size-newsy_750x536 lazyload wp-post-image\" alt=\"La formation politique et la d\u00e9sertion des cadres en politique: une r\u00e9flexion n\u00e9cessaire\" data-src=\"https:\/\/www.chaoui.ma\/wp-content\/uploads\/2025\/04\/youssef_chaoui.png\" data-sizes=\"auto\" data-srcset=\"https:\/\/www.chaoui.ma\/wp-content\/uploads\/2025\/04\/youssef_chaoui.png 350w, https:\/\/www.chaoui.ma\/wp-content\/uploads\/2025\/04\/youssef_chaoui-300x300.png 300w, https:\/\/www.chaoui.ma\/wp-content\/uploads\/2025\/04\/youssef_chaoui-150x150.png 150w, https:\/\/www.chaoui.ma\/wp-content\/uploads\/2025\/04\/youssef_chaoui-75x75.png 75w\" data-expand=\"700\" \/><\/div><\/a><\/div>\t\t\t\t\t\t\t\t\t<\/div>\n\t\t\t\t<div class=\"ak-module-details\">\n\t\t\t\t\t\n\t\t\t\t\t<h3 class=\"ak-module-title\"><a href=\"https:\/\/www.chaoui.ma\/?p=595\" rel=\"bookmark\" title=\"Le projet de soci\u00e9t\u00e9 du Dr. Lahlou : Chronique d\u2019une r\u00e9gression\u00a0\">Le projet de soci\u00e9t\u00e9 du Dr. Lahlou : Chronique d\u2019une r\u00e9gression\u00a0<\/a><\/h3>\n\t\t\t\t\t<div class=\"ak-module-meta\"><div class=\"ak-module-time\"><a href=\"https:\/\/www.chaoui.ma\/?p=595\" class=\"ak-module-meta-published\"><i class=\"ak-icon akfi-schedule\"><\/i>31 juillet 2025<\/a><\/div><\/div>\n\t\t\t\t\t<div class=\"ak-module-summary\"><p>\u00ab J\u2019ai donc \u201cvu\u201d ce fameux d\u00e9bat entre Messieurs Assid&hellip;<\/p><\/div>\n\t\t\t\t\t<div class=\"clearfix ak-module-bottom\">\n\t\t\t\t\t\t\t\t\t\t\t<\/div>\n\t\t\t\t<\/div>\n\t\t\t<\/div>\n\t\t<\/article>\n\t\t<div class=\"row\"><div class=\"col-sm-6\">\t\t<article class=\"ak-module ak-module-2 ak-column-module ak-module-meta-hide ak-module-excerpt-hide clearfix post-463 post type-post status-publish format-standard has-post-thumbnail  category-politique category-presse\">\n\t\t\t<div class=\"ak-module-inner clearfix\">\n\t\t\t\t<div class=\"ak-module-featured\">\n\t\t\t\t\t<div class=\"ak-featured-cover\"><a href=\"https:\/\/www.chaoui.ma\/?p=463\" class=\"ak-featured-link\" rel=\"bookmark\" title=\"Boudrika, le Malade imaginaire?\"><div class=\"ak-featured-thumb lazy-thumb size-715\" ><img decoding=\"async\" width=\"350\" height=\"250\" src=\"data:image\/gif;base64,R0lGODlhAQABAAAAACH5BAEKAAEALAAAAAABAAEAAAICTAEAOw==\" class=\"attachment-newsy_350x250 size-newsy_350x250 lazyload wp-post-image\" alt=\"La formation politique et la d\u00e9sertion des cadres en politique: une r\u00e9flexion n\u00e9cessaire\" data-src=\"https:\/\/www.chaoui.ma\/wp-content\/uploads\/2025\/04\/33051127e3dc415b998fc700b3624e5f-350x250.webp\" data-sizes=\"auto\" data-srcset=\"https:\/\/www.chaoui.ma\/wp-content\/uploads\/2025\/04\/33051127e3dc415b998fc700b3624e5f-350x250.webp 350w, https:\/\/www.chaoui.ma\/wp-content\/uploads\/2025\/04\/33051127e3dc415b998fc700b3624e5f-120x86.webp 120w, https:\/\/www.chaoui.ma\/wp-content\/uploads\/2025\/04\/33051127e3dc415b998fc700b3624e5f-750x536.webp 750w\" data-expand=\"700\" \/><\/div><\/a><\/div><div class=\"ak-module-terms badge\"><a class=\"term-118\" href=\"https:\/\/www.chaoui.ma\/?cat=118\">Presse<\/a><\/div>\t\t\t\t<\/div>\n\t\t\t\t<div class=\"ak-module-details\">\n\t\t\t\t\t<h3 class=\"ak-module-title\"><a href=\"https:\/\/www.chaoui.ma\/?p=463\" rel=\"bookmark\" title=\"Boudrika, le Malade imaginaire?\">Boudrika, le Malade imaginaire?<\/a><\/h3>\t\t\t\t<\/div>\n\t\t\t<\/div>\n\t\t<\/article>\n\t\t<\/div><div class=\"col-sm-6\">\t\t<article class=\"ak-module ak-module-2 ak-column-module ak-module-meta-hide ak-module-excerpt-hide clearfix post-448 post type-post status-publish format-standard has-post-thumbnail  category-politique category-presse\">\n\t\t\t<div class=\"ak-module-inner clearfix\">\n\t\t\t\t<div class=\"ak-module-featured\">\n\t\t\t\t\t<div class=\"ak-featured-cover\"><a href=\"https:\/\/www.chaoui.ma\/?p=448\" class=\"ak-featured-link\" rel=\"bookmark\" title=\"La formation politique et la d\u00e9sertion des cadres en politique: une r\u00e9flexion n\u00e9cessaire\"><div class=\"ak-featured-thumb lazy-thumb size-715\" ><img decoding=\"async\" width=\"350\" height=\"250\" src=\"data:image\/gif;base64,R0lGODlhAQABAAAAACH5BAEKAAEALAAAAAABAAEAAAICTAEAOw==\" class=\"attachment-newsy_350x250 size-newsy_350x250 lazyload wp-post-image\" alt=\"La formation politique et la d\u00e9sertion des cadres en politique: une r\u00e9flexion n\u00e9cessaire\" data-src=\"https:\/\/www.chaoui.ma\/wp-content\/uploads\/2025\/04\/youssef_chaoui-350x250.jpeg\" data-sizes=\"auto\" data-srcset=\"https:\/\/www.chaoui.ma\/wp-content\/uploads\/2025\/04\/youssef_chaoui-350x250.jpeg 350w, https:\/\/www.chaoui.ma\/wp-content\/uploads\/2025\/04\/youssef_chaoui-120x86.jpeg 120w, https:\/\/www.chaoui.ma\/wp-content\/uploads\/2025\/04\/youssef_chaoui-750x536.jpeg 750w\" data-expand=\"700\" \/><\/div><\/a><\/div><div class=\"ak-module-terms badge\"><a class=\"term-108\" href=\"https:\/\/www.chaoui.ma\/?cat=108\">Politique<\/a><\/div>\t\t\t\t<\/div>\n\t\t\t\t<div class=\"ak-module-details\">\n\t\t\t\t\t<h3 class=\"ak-module-title\"><a href=\"https:\/\/www.chaoui.ma\/?p=448\" rel=\"bookmark\" title=\"La formation politique et la d\u00e9sertion des cadres en politique: une r\u00e9flexion n\u00e9cessaire\">La formation politique et la d\u00e9sertion des cadres en&hellip;<\/a><\/h3>\t\t\t\t<\/div>\n\t\t\t<\/div>\n\t\t<\/article>\n\t\t<\/div><\/div><\/div><\/div><\/div><div class=\"ak-block ak-block-list-2 ak-block-column ak-block-inner-boxed ak-block-width-3 clearfix\" id=\"block_69e7705c11886_2\"><style scoped>#block_69e7705c11886_2 { border-top-width: 0px !important;border-top-style: solid !important;border-color: #ffffff !important; }<\/style><div class=\"ak-block-inner clearfix\"><div class=\"ak-block-posts clearfix\">\t\t<article class=\"ak-module ak-module-2 ak-column-module ak-module-meta-hide ak-module-excerpt-hide clearfix post-448 post type-post status-publish format-standard has-post-thumbnail  category-politique category-presse\">\n\t\t\t<div class=\"ak-module-inner clearfix\">\n\t\t\t\t<div class=\"ak-module-featured\">\n\t\t\t\t\t<div class=\"ak-featured-cover\"><a href=\"https:\/\/www.chaoui.ma\/?p=448\" class=\"ak-featured-link\" rel=\"bookmark\" title=\"La formation politique et la d\u00e9sertion des cadres en politique: une r\u00e9flexion n\u00e9cessaire\"><div class=\"ak-featured-thumb lazy-thumb size-715\" ><img decoding=\"async\" width=\"350\" height=\"250\" src=\"data:image\/gif;base64,R0lGODlhAQABAAAAACH5BAEKAAEALAAAAAABAAEAAAICTAEAOw==\" class=\"attachment-newsy_350x250 size-newsy_350x250 lazyload wp-post-image\" alt=\"La formation politique et la d\u00e9sertion des cadres en politique: une r\u00e9flexion n\u00e9cessaire\" data-src=\"https:\/\/www.chaoui.ma\/wp-content\/uploads\/2025\/04\/youssef_chaoui-350x250.jpeg\" data-sizes=\"auto\" data-srcset=\"https:\/\/www.chaoui.ma\/wp-content\/uploads\/2025\/04\/youssef_chaoui-350x250.jpeg 350w, https:\/\/www.chaoui.ma\/wp-content\/uploads\/2025\/04\/youssef_chaoui-120x86.jpeg 120w, https:\/\/www.chaoui.ma\/wp-content\/uploads\/2025\/04\/youssef_chaoui-750x536.jpeg 750w\" data-expand=\"700\" \/><\/div><\/a><\/div><div class=\"ak-module-terms badge\"><a class=\"term-108\" href=\"https:\/\/www.chaoui.ma\/?cat=108\">Politique<\/a><\/div>\t\t\t\t<\/div>\n\t\t\t\t<div class=\"ak-module-details\">\n\t\t\t\t\t<h3 class=\"ak-module-title\"><a href=\"https:\/\/www.chaoui.ma\/?p=448\" rel=\"bookmark\" title=\"La formation politique et la d\u00e9sertion des cadres en politique: une r\u00e9flexion n\u00e9cessaire\">La formation politique et la d\u00e9sertion des cadres en politique: une r\u00e9flexion n\u00e9cessaire<\/a><\/h3>\t\t\t\t<\/div>\n\t\t\t<\/div>\n\t\t<\/article>\n\t\t\t\t<article class=\"ak-module ak-module-2 ak-column-module ak-module-meta-hide ak-module-excerpt-hide clearfix post-449 post type-post status-publish format-standard has-post-thumbnail  category-politique\">\n\t\t\t<div class=\"ak-module-inner clearfix\">\n\t\t\t\t<div class=\"ak-module-featured\">\n\t\t\t\t\t<div class=\"ak-featured-cover\"><a href=\"https:\/\/www.chaoui.ma\/?p=449\" class=\"ak-featured-link\" rel=\"bookmark\" title=\"La\u00efque toi-m\u00eame !\"><div class=\"ak-featured-thumb lazy-thumb size-715\" ><img loading=\"lazy\" decoding=\"async\" width=\"350\" height=\"250\" src=\"data:image\/gif;base64,R0lGODlhAQABAAAAACH5BAEKAAEALAAAAAABAAEAAAICTAEAOw==\" class=\"attachment-newsy_350x250 size-newsy_350x250 lazyload wp-post-image\" alt=\"La formation politique et la d\u00e9sertion des cadres en politique: une r\u00e9flexion n\u00e9cessaire\" data-src=\"https:\/\/www.chaoui.ma\/wp-content\/uploads\/2025\/04\/youssef_chaoui-350x250.png\" data-sizes=\"auto\" data-srcset=\"https:\/\/www.chaoui.ma\/wp-content\/uploads\/2025\/04\/youssef_chaoui-350x250.png 350w, https:\/\/www.chaoui.ma\/wp-content\/uploads\/2025\/04\/youssef_chaoui-120x86.png 120w\" data-expand=\"700\" \/><\/div><\/a><\/div><div class=\"ak-module-terms badge\"><a class=\"term-114\" href=\"https:\/\/www.chaoui.ma\/?cat=114\">Analyses<\/a><\/div>\t\t\t\t<\/div>\n\t\t\t\t<div class=\"ak-module-details\">\n\t\t\t\t\t<h3 class=\"ak-module-title\"><a href=\"https:\/\/www.chaoui.ma\/?p=449\" rel=\"bookmark\" title=\"La\u00efque toi-m\u00eame !\">La\u00efque toi-m\u00eame !<\/a><\/h3>\t\t\t\t<\/div>\n\t\t\t<\/div>\n\t\t<\/article>\n\t\t\t\t<article class=\"ak-module ak-module-2 ak-column-module ak-module-meta-hide ak-module-excerpt-hide clearfix post-455 post type-post status-publish format-standard has-post-thumbnail  category-societe\">\n\t\t\t<div class=\"ak-module-inner clearfix\">\n\t\t\t\t<div class=\"ak-module-featured\">\n\t\t\t\t\t<div class=\"ak-featured-cover\"><a href=\"https:\/\/www.chaoui.ma\/?p=455\" class=\"ak-featured-link\" rel=\"bookmark\" title=\"La mort ou tchi tchi?\"><div class=\"ak-featured-thumb lazy-thumb size-715\" ><img loading=\"lazy\" decoding=\"async\" width=\"350\" height=\"250\" src=\"data:image\/gif;base64,R0lGODlhAQABAAAAACH5BAEKAAEALAAAAAABAAEAAAICTAEAOw==\" class=\"attachment-newsy_350x250 size-newsy_350x250 lazyload wp-post-image\" alt=\"La mort ou tchi tchi?\" data-src=\"https:\/\/www.chaoui.ma\/wp-content\/uploads\/2025\/04\/907f04fb-5658-4564-94f6-087fee36a784-350x250.jpg\" data-sizes=\"auto\" data-srcset=\"https:\/\/www.chaoui.ma\/wp-content\/uploads\/2025\/04\/907f04fb-5658-4564-94f6-087fee36a784-350x250.jpg 350w, https:\/\/www.chaoui.ma\/wp-content\/uploads\/2025\/04\/907f04fb-5658-4564-94f6-087fee36a784-120x86.jpg 120w, https:\/\/www.chaoui.ma\/wp-content\/uploads\/2025\/04\/907f04fb-5658-4564-94f6-087fee36a784-750x536.jpg 750w\" data-expand=\"700\" \/><\/div><\/a><\/div><div class=\"ak-module-terms badge\"><a class=\"term-52\" href=\"https:\/\/www.chaoui.ma\/?cat=52\">Soci\u00e9t\u00e9<\/a><\/div>\t\t\t\t<\/div>\n\t\t\t\t<div class=\"ak-module-details\">\n\t\t\t\t\t<h3 class=\"ak-module-title\"><a href=\"https:\/\/www.chaoui.ma\/?p=455\" rel=\"bookmark\" title=\"La mort ou tchi tchi?\">La mort ou tchi tchi?<\/a><\/h3>\t\t\t\t<\/div>\n\t\t\t<\/div>\n\t\t<\/article>\n\t\t<\/div><\/div><\/div>[\/vc_column][vc_column width=\u00a0\u00bb1\/4&Prime; el_class=\u00a0\u00bbsticky-column\u00a0\u00bb css=\u00a0\u00bb.vc_custom_1664996206990{padding-bottom: 40px !important;}\u00a0\u00bb]<div class=\"ak-block ak-block-list-10 ak-block-column ak-block-module-seperator-line ak-block-boxed dark ak-block-numeric-style-7 ak-block-width-1 clearfix\" id=\"block_69e7705c11886_3\"><style scoped>#block_69e7705c11886_3 .ak-block-header {--ak-block-header-line-color:rgb(255,255,255);}#block_69e7705c11886_3:not(.ak-block-width-1) .ak-block-posts { margin-right: -10px; }#block_69e7705c11886_3 .ak-block-posts .ak-module{ padding-right: 10px; margin-bottom: 10px; }#block_69e7705c11886_3.ak-block-module-seperator-line .ak-module-inner{ padding-bottom: 10px; }#block_69e7705c11886_3 { border-top-width: 1px !important;border-right-width: 1px !important;border-bottom-width: 1px !important;border-left-width: 1px !important;background-color: #dd3333 !important;border-left-style: solid !important;border-right-style: solid !important;border-top-style: solid !important;border-bottom-style: solid !important;border-radius: 5px !important;border-color: #dd3333 !important; }<\/style><div class=\"ak-block-header ak-block-header-style-5 no-tabs\"><h4 class=\"ak-block-title\"><span class=\"title-text\"><span>Articles du jour<\/span><\/span><\/h4><\/div><div class=\"ak-block-inner clearfix\"><div class=\"ak-block-posts clearfix\">\t\t<article class=\"ak-module ak-module-10 ak-column-module ak-module-meta-hide ak-module-excerpt-hide clearfix post-463 post type-post status-publish format-standard has-post-thumbnail  category-politique category-presse\">\n\t\t\t<div class=\"ak-module-inner clearfix\">\n\t\t\t\t<div class=\"ak-module-details\">\n\t\t\t\t\t\n\t\t\t\t\t<h3 class=\"ak-module-title\"><a href=\"https:\/\/www.chaoui.ma\/?p=463\" rel=\"bookmark\" title=\"Boudrika, le Malade imaginaire?\">Boudrika, le Malade imaginaire?<\/a><\/h3>\n\t\t\t\t\t\n\t\t\t\t\t\t\t\t\t<\/div>\n\t\t\t<\/div>\n\t\t<\/article>\n\t\t\t\t<article class=\"ak-module ak-module-10 ak-column-module ak-module-meta-hide ak-module-excerpt-hide clearfix post-448 post type-post status-publish format-standard has-post-thumbnail  category-politique category-presse\">\n\t\t\t<div class=\"ak-module-inner clearfix\">\n\t\t\t\t<div class=\"ak-module-details\">\n\t\t\t\t\t\n\t\t\t\t\t<h3 class=\"ak-module-title\"><a href=\"https:\/\/www.chaoui.ma\/?p=448\" rel=\"bookmark\" title=\"La formation politique et la d\u00e9sertion des cadres en politique: une r\u00e9flexion n\u00e9cessaire\">La formation politique et la d\u00e9sertion des cadres&hellip;<\/a><\/h3>\n\t\t\t\t\t\n\t\t\t\t\t\t\t\t\t<\/div>\n\t\t\t<\/div>\n\t\t<\/article>\n\t\t\t\t<article class=\"ak-module ak-module-10 ak-column-module ak-module-meta-hide ak-module-excerpt-hide clearfix post-455 post type-post status-publish format-standard has-post-thumbnail  category-societe\">\n\t\t\t<div class=\"ak-module-inner clearfix\">\n\t\t\t\t<div class=\"ak-module-details\">\n\t\t\t\t\t\n\t\t\t\t\t<h3 class=\"ak-module-title\"><a href=\"https:\/\/www.chaoui.ma\/?p=455\" rel=\"bookmark\" title=\"La mort ou tchi tchi?\">La mort ou tchi tchi?<\/a><\/h3>\n\t\t\t\t\t\n\t\t\t\t\t\t\t\t\t<\/div>\n\t\t\t<\/div>\n\t\t<\/article>\n\t\t\t\t<article class=\"ak-module ak-module-10 ak-column-module ak-module-meta-hide ak-module-excerpt-hide clearfix post-447 post type-post status-publish format-video has-post-thumbnail  category-presse-ar post_format-post-format-video\">\n\t\t\t<div class=\"ak-module-inner clearfix\">\n\t\t\t\t<div class=\"ak-module-details\">\n\t\t\t\t\t\n\t\t\t\t\t<h3 class=\"ak-module-title\"><a href=\"https:\/\/www.chaoui.ma\/?p=447&#038;lang=ar\" rel=\"bookmark\" title=\"\u0645\u062f\u0627\u062e\u0644\u062a\u064a \u0639\u0644\u0649 \u0643\u0627\u0628 \u0631\u0627\u062f\u064a\u0648 \u062d\u0648\u0644 \u062e\u0631\u0648\u0642\u0627\u062a \u0627\u0644\u0648\u0635\u0644\u0629 \u0627\u0644\u0625\u0634\u0647\u0627\u0631\u064a\u0629 \u0627\u0644\u062a\u064a \u0628\u062b\u062a \u0639\u0644\u0649 \u0627\u0644\u0642\u0646\u0627\u0629 \u0627\u0644\u062a\u0627\u0646\u064a\u0629\">\u0645\u062f\u0627\u062e\u0644\u062a\u064a \u0639\u0644\u0649 \u0643\u0627\u0628 \u0631\u0627\u062f\u064a\u0648 \u062d\u0648\u0644 \u062e\u0631\u0648\u0642\u0627\u062a \u0627\u0644\u0648\u0635\u0644\u0629 \u0627\u0644\u0625\u0634\u0647\u0627\u0631\u064a\u0629&hellip;<\/a><\/h3>\n\t\t\t\t\t\n\t\t\t\t\t\t\t\t\t<\/div>\n\t\t\t<\/div>\n\t\t<\/article>\n\t\t\t\t<article class=\"ak-module ak-module-10 ak-column-module ak-module-meta-hide ak-module-excerpt-hide clearfix post-449 post type-post status-publish format-standard has-post-thumbnail  category-politique\">\n\t\t\t<div class=\"ak-module-inner clearfix\">\n\t\t\t\t<div class=\"ak-module-details\">\n\t\t\t\t\t\n\t\t\t\t\t<h3 class=\"ak-module-title\"><a href=\"https:\/\/www.chaoui.ma\/?p=449\" rel=\"bookmark\" title=\"La\u00efque toi-m\u00eame !\">La\u00efque toi-m\u00eame !<\/a><\/h3>\n\t\t\t\t\t\n\t\t\t\t\t\t\t\t\t<\/div>\n\t\t\t<\/div>\n\t\t<\/article>\n\t\t<\/div><\/div><\/div>[\/vc_column][\/vc_row][vc_row][vc_column width=\u00a0\u00bb3\/4&Prime;]<div class=\"ak-block ak-block-7 ak-block-inner-boxed ak-block-module-thumb-round ak-block-width-1 clearfix\" id=\"block_69e7705c11886_4\"><style scoped>#block_69e7705c11886_4 .ak-block-header {--ak-block-title-text-color:rgb(0,0,0);--ak-block-title-icon-color:rgb(0,0,0);}#block_69e7705c11886_4 { margin-bottom: 0px !important;border-bottom-width: 0px !important;border-bottom-style: solid !important;border-color: rgba(255,255,255,0.01) !important; }<\/style><div class=\"ak-block-header ak-block-header-style-5 no-tabs\"><h4 class=\"ak-block-title\"><span class=\"title-text\"><i class=\"ak-icon  fa fa-square\"><\/i><span>Intelligence Artificielle<\/span><\/span><\/h4><\/div><div class=\"ak-block-inner clearfix\"><div class=\"ak-block-posts clearfix\"><div class=\"ak-no-posts\">No Content Available<\/div><\/div><\/div><\/div>[\/vc_column][\/vc_row]<\/p>\n<\/div>","protected":false},"excerpt":{"rendered":"<p>[vc_row][vc_column width=\u00a0\u00bb3\/4&Prime;][\/vc_column][vc_column width=\u00a0\u00bb1\/4&Prime; el_class=\u00a0\u00bbsticky-column\u00a0\u00bb css=\u00a0\u00bb.vc_custom_1664996206990{padding-bottom: 40px !important;}\u00a0\u00bb][\/vc_column][\/vc_row][vc_row][vc_column width=\u00a0\u00bb3\/4&Prime;][\/vc_column][\/vc_row]<\/p>\n","protected":false},"author":1,"featured_media":0,"parent":0,"menu_order":0,"comment_status":"closed","ping_status":"closed","template":"page-builder.php","meta":{"_bbp_topic_count":0,"_bbp_reply_count":0,"_bbp_total_topic_count":0,"_bbp_total_reply_count":0,"_bbp_voice_count":0,"_bbp_anonymous_reply_count":0,"_bbp_topic_count_hidden":0,"_bbp_reply_count_hidden":0,"_bbp_forum_subforum_count":0,"footnotes":""},"class_list":["post-477","page","type-page","status-publish","hentry"],"yoast_head":"<!-- This site is optimized with the Yoast SEO plugin v23.5 - https:\/\/yoast.com\/wordpress\/plugins\/seo\/ -->\n<title>Politique et Intelligence Artificielle - Ai - iA - Youssef CHAOUI<\/title>\n<meta name=\"robots\" content=\"index, follow, max-snippet:-1, max-image-preview:large, max-video-preview:-1\" \/>\n<link rel=\"canonical\" href=\"https:\/\/www.chaoui.ma\/\" \/>\n<meta property=\"og:locale\" content=\"fr_FR\" \/>\n<meta property=\"og:type\" content=\"article\" \/>\n<meta property=\"og:title\" content=\"Politique et Intelligence Artificielle - Ai - iA - Youssef CHAOUI\" \/>\n<meta property=\"og:description\" content=\"[vc_row][vc_column width=\u00a0\u00bb3\/4&Prime;][\/vc_column][vc_column width=\u00a0\u00bb1\/4&Prime; el_class=\u00a0\u00bbsticky-column\u00a0\u00bb css=\u00a0\u00bb.vc_custom_1664996206990{padding-bottom: 40px !important;}\u00a0\u00bb][\/vc_column][\/vc_row][vc_row][vc_column width=\u00a0\u00bb3\/4&Prime;][\/vc_column][\/vc_row]\" \/>\n<meta property=\"og:url\" content=\"https:\/\/www.chaoui.ma\/\" \/>\n<meta property=\"og:site_name\" content=\"Youssef CHAOUI\" \/>\n<meta property=\"article:modified_time\" content=\"2025-07-31T08:29:54+00:00\" \/>\n<meta name=\"twitter:card\" content=\"summary_large_image\" \/>\n<meta name=\"twitter:label1\" content=\"Dur\u00e9e de lecture estim\u00e9e\" \/>\n\t<meta name=\"twitter:data1\" content=\"1 minute\" \/>\n<script type=\"application\/ld+json\" class=\"yoast-schema-graph\">{\"@context\":\"https:\/\/schema.org\",\"@graph\":[{\"@type\":\"WebPage\",\"@id\":\"https:\/\/www.chaoui.ma\/\",\"url\":\"https:\/\/www.chaoui.ma\/\",\"name\":\"Politique et Intelligence Artificielle - Ai - iA - Youssef CHAOUI\",\"isPartOf\":{\"@id\":\"https:\/\/www.chaoui.ma\/#website\"},\"datePublished\":\"2025-03-20T09:41:51+00:00\",\"dateModified\":\"2025-07-31T08:29:54+00:00\",\"breadcrumb\":{\"@id\":\"https:\/\/www.chaoui.ma\/#breadcrumb\"},\"inLanguage\":\"fr-FR\",\"potentialAction\":[{\"@type\":\"ReadAction\",\"target\":[\"https:\/\/www.chaoui.ma\/\"]}]},{\"@type\":\"BreadcrumbList\",\"@id\":\"https:\/\/www.chaoui.ma\/#breadcrumb\",\"itemListElement\":[{\"@type\":\"ListItem\",\"position\":1,\"name\":\"Home\",\"item\":\"https:\/\/www.chaoui.ma\/\"},{\"@type\":\"ListItem\",\"position\":2,\"name\":\"Politique et Intelligence Artificielle &#8211; Ai &#8211; iA\"}]},{\"@type\":\"WebSite\",\"@id\":\"https:\/\/www.chaoui.ma\/#website\",\"url\":\"https:\/\/www.chaoui.ma\/\",\"name\":\"Youssef CHAOUI\",\"description\":\"\",\"potentialAction\":[{\"@type\":\"SearchAction\",\"target\":{\"@type\":\"EntryPoint\",\"urlTemplate\":\"https:\/\/www.chaoui.ma\/?s={search_term_string}\"},\"query-input\":{\"@type\":\"PropertyValueSpecification\",\"valueRequired\":true,\"valueName\":\"search_term_string\"}}],\"inLanguage\":\"fr-FR\"}]}<\/script>\n<!-- \/ Yoast SEO plugin. -->","yoast_head_json":{"title":"Politique et Intelligence Artificielle - Ai - iA - Youssef CHAOUI","robots":{"index":"index","follow":"follow","max-snippet":"max-snippet:-1","max-image-preview":"max-image-preview:large","max-video-preview":"max-video-preview:-1"},"canonical":"https:\/\/www.chaoui.ma\/","og_locale":"fr_FR","og_type":"article","og_title":"Politique et Intelligence Artificielle - Ai - iA - Youssef CHAOUI","og_description":"[vc_row][vc_column width=\u00a0\u00bb3\/4&Prime;][\/vc_column][vc_column width=\u00a0\u00bb1\/4&Prime; el_class=\u00a0\u00bbsticky-column\u00a0\u00bb css=\u00a0\u00bb.vc_custom_1664996206990{padding-bottom: 40px !important;}\u00a0\u00bb][\/vc_column][\/vc_row][vc_row][vc_column width=\u00a0\u00bb3\/4&Prime;][\/vc_column][\/vc_row]","og_url":"https:\/\/www.chaoui.ma\/","og_site_name":"Youssef CHAOUI","article_modified_time":"2025-07-31T08:29:54+00:00","twitter_card":"summary_large_image","twitter_misc":{"Dur\u00e9e de lecture estim\u00e9e":"1 minute"},"schema":{"@context":"https:\/\/schema.org","@graph":[{"@type":"WebPage","@id":"https:\/\/www.chaoui.ma\/","url":"https:\/\/www.chaoui.ma\/","name":"Politique et Intelligence Artificielle - Ai - iA - Youssef CHAOUI","isPartOf":{"@id":"https:\/\/www.chaoui.ma\/#website"},"datePublished":"2025-03-20T09:41:51+00:00","dateModified":"2025-07-31T08:29:54+00:00","breadcrumb":{"@id":"https:\/\/www.chaoui.ma\/#breadcrumb"},"inLanguage":"fr-FR","potentialAction":[{"@type":"ReadAction","target":["https:\/\/www.chaoui.ma\/"]}]},{"@type":"BreadcrumbList","@id":"https:\/\/www.chaoui.ma\/#breadcrumb","itemListElement":[{"@type":"ListItem","position":1,"name":"Home","item":"https:\/\/www.chaoui.ma\/"},{"@type":"ListItem","position":2,"name":"Politique et Intelligence Artificielle &#8211; Ai &#8211; iA"}]},{"@type":"WebSite","@id":"https:\/\/www.chaoui.ma\/#website","url":"https:\/\/www.chaoui.ma\/","name":"Youssef CHAOUI","description":"","potentialAction":[{"@type":"SearchAction","target":{"@type":"EntryPoint","urlTemplate":"https:\/\/www.chaoui.ma\/?s={search_term_string}"},"query-input":{"@type":"PropertyValueSpecification","valueRequired":true,"valueName":"search_term_string"}}],"inLanguage":"fr-FR"}]}},"amp_enabled":false,"_links":{"self":[{"href":"https:\/\/www.chaoui.ma\/index.php?rest_route=\/wp\/v2\/pages\/477","targetHints":{"allow":["GET"]}}],"collection":[{"href":"https:\/\/www.chaoui.ma\/index.php?rest_route=\/wp\/v2\/pages"}],"about":[{"href":"https:\/\/www.chaoui.ma\/index.php?rest_route=\/wp\/v2\/types\/page"}],"author":[{"embeddable":true,"href":"https:\/\/www.chaoui.ma\/index.php?rest_route=\/wp\/v2\/users\/1"}],"replies":[{"embeddable":true,"href":"https:\/\/www.chaoui.ma\/index.php?rest_route=%2Fwp%2Fv2%2Fcomments&post=477"}],"version-history":[{"count":24,"href":"https:\/\/www.chaoui.ma\/index.php?rest_route=\/wp\/v2\/pages\/477\/revisions"}],"predecessor-version":[{"id":603,"href":"https:\/\/www.chaoui.ma\/index.php?rest_route=\/wp\/v2\/pages\/477\/revisions\/603"}],"wp:attachment":[{"href":"https:\/\/www.chaoui.ma\/index.php?rest_route=%2Fwp%2Fv2%2Fmedia&parent=477"}],"curies":[{"name":"wp","href":"https:\/\/api.w.org\/{rel}","templated":true}]}}